{"id":2,"date":"2018-07-24T15:39:16","date_gmt":"2018-07-24T15:39:16","guid":{"rendered":"https:\/\/www.ferienhausrosenberg.de\/?page_id=2"},"modified":"2018-07-26T07:51:14","modified_gmt":"2018-07-26T07:51:14","slug":"sample-page","status":"publish","type":"page","link":"https:\/\/www.ferienhausrosenberg.de\/","title":{"rendered":"Willkommen"},"content":{"rendered":"<p><strong>. . . im K\u00fcnstlerdorf Waldh\u00e4user mitten im Nationalpark Bayerischer Wald!<\/strong><\/p>\n<p>Die Familie Rosenberg freut sich, Sie auf den Seiten Ihres Ferienhauses begr\u00fc\u00dfen zu d\u00fcrfen! Wenn Sie an einem ruhigen Urlaub jenseits des Alltags der Stadt interessiert sind, dann bietet das Ferienhaus Rosenberg auf 1015 m mit grandiosem Ausblick in den Bayerischen Wald vielleicht das Richtige f\u00fcr Sie. Ruhe, Entspannung, saubere Luft und Natur sind nur einige der wohltuenden Dinge, die man hier in Waldh\u00e4user bei Neusch\u00f6nau finden kann.<\/p>\n<p>Weitere Informationen hierzu k\u00f6nnen Sie diesen Seiten entnehmen. Klicken Sie sich einfach durch.<\/p>\n","protected":false},"excerpt":{"rendered":"<p>. . . im K\u00fcnstlerdorf Waldh\u00e4user mitten im Nationalpark Bayerischer Wald! Die Familie Rosenberg freut sich, Sie auf den Seiten Ihres Ferienhauses begr\u00fc\u00dfen zu d\u00fcrfen! Wenn Sie an einem ruhigen Urlaub jenseits des Alltags der Stadt interessiert sind, dann bietet &hellip; <a href=\"https:\/\/www.ferienhausrosenberg.de\/\">Continue reading <span class=\"meta-nav\">&rarr;<\/span><\/a><\/p>\n","protected":false},"author":1,"featured_media":0,"parent":0,"menu_order":0,"comment_status":"closed","ping_status":"open","template":"","meta":{"ngg_post_thumbnail":0,"footnotes":""},"class_list":["post-2","page","type-page","status-publish","hentry"],"_links":{"self":[{"href":"https:\/\/www.ferienhausrosenberg.de\/index.php?rest_route=\/wp\/v2\/pages\/2","targetHints":{"allow":["GET"]}}],"collection":[{"href":"https:\/\/www.ferienhausrosenberg.de\/index.php?rest_route=\/wp\/v2\/pages"}],"about":[{"href":"https:\/\/www.ferienhausrosenberg.de\/index.php?rest_route=\/wp\/v2\/types\/page"}],"author":[{"embeddable":true,"href":"https:\/\/www.ferienhausrosenberg.de\/index.php?rest_route=\/wp\/v2\/users\/1"}],"replies":[{"embeddable":true,"href":"https:\/\/www.ferienhausrosenberg.de\/index.php?rest_route=%2Fwp%2Fv2%2Fcomments&post=2"}],"version-history":[{"count":15,"href":"https:\/\/www.ferienhausrosenberg.de\/index.php?rest_route=\/wp\/v2\/pages\/2\/revisions"}],"predecessor-version":[{"id":159,"href":"https:\/\/www.ferienhausrosenberg.de\/index.php?rest_route=\/wp\/v2\/pages\/2\/revisions\/159"}],"wp:attachment":[{"href":"https:\/\/www.ferienhausrosenberg.de\/index.php?rest_route=%2Fwp%2Fv2%2Fmedia&parent=2"}],"curies":[{"name":"wp","href":"https:\/\/api.w.org\/{rel}","templated":true}]}}